{"id":3741,"date":"2022-05-18T14:48:50","date_gmt":"2022-05-18T12:48:50","guid":{"rendered":"https:\/\/www.first-class-vtc.fr\/?page_id=3741"},"modified":"2025-10-03T15:38:10","modified_gmt":"2025-10-03T13:38:10","slug":"privacy-statement-ue","status":"publish","type":"page","link":"https:\/\/www.first-class-vtc.fr\/en\/privacy-statement-ue\/","title":{"rendered":"Privacy statement (UE)"},"content":{"rendered":"[vc_section full_width=&#8221;stretch_row&#8221; el_class=&#8221;section-title section-full-title&#8221; css=&#8221;.vc_custom_1651589732333{background-image: url(https:\/\/www.first-class-vtc.fr\/wp-content\/uploads\/2022\/05\/first_class_home_dark.jpg?id=3596) !important;}&#8221;][vc_row fullwidth=&#8221;true&#8221;][vc_column][vc_column_text css=&#8221;.vc_custom_1651754456216{margin-bottom: 0px !important;}&#8221;]\n<h1>First class VTC<\/h1>\n<h2>Private drivers available 7 days a week, 24h a day<\/h2>\n<div class=\"btn-container\"><a class=\"button-phone\" href=\"tel:+33625772382\">06 25 77 23 82<\/a><a class=\"button-contact\" href=\"\/contact\"><i class=\"ri-mail-fill\">\u00a0<\/i><\/a><\/div>\n[\/vc_column_text][\/vc_column][\/vc_row][\/vc_section][vc_row css=&#8221;.vc_custom_1542724905488{margin-top: 60px !important;}&#8221;][vc_column][vc_column_text css=&#8221;.vc_custom_1542725429823{margin-top: 20px !important;margin-bottom: 0px !important;}&#8221;]\n<!-- Legal document generated by Complianz | GDPR\/CCPA Cookie Consent https:\/\/wordpress.org\/plugins\/complianz-gdpr -->\n<div id=\"cmplz-document\" class=\"cmplz-document privacy-statement cmplz-document-eu\"><p><i>This privacy statement was last updated on 30 November 2023 and applies to citizens and legal permanent residents of the European Economic Area and Switzerland.<\/i><br><\/p><p><p>In this privacy statement, we explain what we do with the data we obtain about you via <a href=\"https:\/\/www.first-class-vtc.fr\/en\/\">https:\/\/www.first-class-vtc.fr\/en\/<\/a>. We recommend you carefully read this statement. In our processing we comply with the requirements of privacy legislation. That means, among other things, that:<\/p><ul>\n                <li>we clearly state the purposes for which we process personal data. We do this by means of this privacy statement;<\/li>\n                <li>we aim to limit our collection of personal data to only the personal data required for legitimate purposes;<\/li>\n                <li>we first request your explicit consent to process your personal data in cases requiring your consent;<\/li>\n                <li>we take appropriate security measures to protect your personal data and also require this from parties that process personal data on our behalf;<\/li>\n                <li>we respect your right to access your personal data or have it corrected or deleted, at your request.<\/li>\n            <\/ul><p>If you have any questions, or want to know exactly what data we keep of you, please contact us.<\/p><\/p><h2>1. Purpose, data and retention period<\/h2>We may collect or receive personal information for a number of purposes connected with our business operations which may include the following: (click to expand)&nbsp;<details class=\"cmplz-dropdown dropdown-privacy-statement\"><summary><div><h3>1.1 Contact - Through phone, mail, email and\/or webforms<\/h3><\/div><\/summary><p class=\"cmplz-subtitle\">For this purpose we use the following data:<\/p><p><ul><li>Name, Address and City<\/li><li>Email address<\/li><\/ul><\/p><p class=\"cmplz-subtitle\">The basis on which we may process these data is:<\/p><p><a target=\"_blank\" rel=\"noopener noreferrer nofollow\" href=\"https:\/\/cookiedatabase.org\/legal-bases\/#consent\">Upon the provision of consent.<\/a><\/p><p class=\"cmplz-subtitle\">Retention period<\/p><p>We retain this data until the service is terminated.<\/p><\/details><h2>2. Cookies<\/h2><p>Our website uses cookies. For more information about cookies, please refer to our <a href=\"https:\/\/www.first-class-vtc.fr\/en\/cookies-statement-eu\/\">Cookie Policy<\/a>.&nbsp;<\/p><h2>3. Security<\/h2><p>We are committed to the security of personal data. We take appropriate security measures to limit abuse of and unauthorized access to personal data. This ensures that only the necessary persons have access to your data, that access to the data is protected, and that our security measures are regularly reviewed.<\/p><h2>4. Third-party websites<\/h2><p>This privacy statement does not apply to third-party websites connected by links on our website. We cannot guarantee that these third parties handle your personal data in a reliable or secure manner. We recommend you read the privacy statements of these websites prior to making use of these websites.<\/p><h2>5. Amendments to this privacy statement<\/h2><p>We reserve the right to make amendments to this privacy statement. It is recommended that you consult this privacy statement regularly in order to be aware of any changes. In addition, we will actively inform you wherever possible.<\/p><h2>6. Accessing and modifying your data<\/h2><p>If you have any questions or want to know which personal data we have about you, please contact us. You can contact us by using the information below. You have the following rights:<\/p><ul>\n                <li>You have the right to know why your personal data is needed, what will happen to it, and how long it will be retained for.<\/li>\n                <li>Right of access: You have the right to access your personal data that is known to us.<\/li>\n                <li>Right to rectification: you have the right to supplement, correct, have deleted or blocked your personal data whenever you wish.<\/li>\n                <li>If you give us your consent to process your data, you have the right to revoke that consent and to have your personal data deleted.<\/li>\n                <li>Right to transfer your data: you have the right to request all your personal data from the controller and transfer it in its entirety to another controller.<\/li>\n                <li>Right to object: you may object to the processing of your data. We comply with this, unless there are justified grounds for processing.<\/li>\n            <\/ul><p>Please make sure to always clearly state who you are, so that we can be certain that we do not modify or delete any data of the wrong person.<\/p><h2>7. Submitting a complaint<\/h2><p>If you are not satisfied with the way in which we handle (a complaint about) the processing of your personal data, you have the right to submit a complaint to the Data Protection Authority.<\/p><h2>8. Contact details<\/h2><p>First Class VTC<br>\n        Bat E33, <br \/>\r\n1577 avenue de Maurin,<br \/>\r\n34070 Montpellier<br>\n        France<br>\n        Website: <a href=\"https:\/\/www.first-class-vtc.fr\/en\/\">https:\/\/www.first-class-vtc.fr\/en\/<\/a> <br>\n        Email: <span class=\"cmplz-obfuscate\">rf&#046;ctv&#x2d;ssalc-tsrif&#064;&#116;catn&#111;c<\/span> <br>\n        Phone number: 06 25 77 23 82<br><\/p><h2>Annex<\/h2><p><h3>Google Web Fonts<\/h3>\r\nPour une repr\u00e9sentation uniforme des polices, cette page utilise des polices web fournies par Google. Lorsque vous ouvrez une page, votre navigateur charge les polices web requises dans la m\u00e9moire cache de votre navigateur afin d'afficher correctement les textes et les polices.\r\n\r\nPour ce faire, votre navigateur doit \u00e9tablir une connexion directe avec les serveurs de Google. Google sait ainsi que votre adresse IP a permis d'acc\u00e9der \u00e0 notre page web. L'utilisation des polices Web de Google a pour but d'assurer une pr\u00e9sentation uniforme et attrayante de notre plugin. Il s'agit d'un int\u00e9r\u00eat justifi\u00e9 au sens de l'article 6, paragraphe 1, point f), de la loi sur la protection des donn\u00e9es. 6 (1) (f) DSGVO.\r\n\r\nSi votre navigateur ne prend pas en charge les polices Web, une police standard est utilis\u00e9e par votre ordinateur.\r\n\r\nVous trouverez de plus amples informations sur le traitement des donn\u00e9es des utilisateurs \u00e0 l'adresse https:\/\/developers.google.com\/fonts\/faq et dans la politique de confidentialit\u00e9 de Google \u00e0 l'adresse https:\/\/www.google.com\/policies\/privacy\/.\r\n<h3>Complianz | The Privacy Suite for WordPress<\/h3>\r\nCe site web utilise la Privacy Suite for WordPress de Complianz pour collecter et enregistrer le consentement bas\u00e9 sur le navigateur et l\u2019appareil. Pour cette fonctionnalit\u00e9, votre adresse IP est anonymis\u00e9e et stock\u00e9e dans notre base de donn\u00e9es.\u00a0Ce service ne traite aucune information permettant d\u2019identifier une personne et ne partage aucune donn\u00e9e avec le prestataire de services.\u00a0Pour plus d\u2019informations, consultez la <a href=\"https:\/\/complianz.io\/legal\/privacy-statement\/\">D\u00e9claration de confidentialit\u00e9<\/a> de Complianz.\r\n<h3>WPML String Translation<\/h3>\r\nLa Traduction de cha\u00eene WPML enverra toutes les cha\u00eenes \u00e0 l'\u00c9diteur de traduction avanc\u00e9 de WPML et aux services de traduction utilis\u00e9s.\r\n<h3>WPML Translation Management<\/h3>\r\nLa Gestion de traduction WPML enverra l'adresse e-mail et le nom de chaque gestionnaire et traducteur assign\u00e9 ainsi que les contenus eux-m\u00eames \u00e0 l'\u00c9diteur de traduction avanc\u00e9 et aux services de traduction utilis\u00e9s.\r\n<h3>WPML Media Translation<\/h3>\r\nLa Traduction de fichiers m\u00e9dias WPML enverra l'adresse e-mail et le nom de chaque gestionnaire et traducteur assign\u00e9 ainsi que le contenu m\u00eame \u00e0 l'\u00c9diteur de traduction avanc\u00e9 et aux services de traduction utilis\u00e9s.\r\n<h3>WPML<\/h3>\r\nWPML utilise des cookies pour identifier la langue actuelle du visiteur, la langue derni\u00e8rement consult\u00e9e et la langue des utilisateurs qui se sont connect\u00e9s.\r\n\r\nLorsque vous utilisez le plugin, WPML partagera des donn\u00e9es concernant le site \u00e0 travers Installer. Aucune donn\u00e9e concernant directement l'utilisateur ne sera partag\u00e9e.<\/p><\/div>[\/vc_column_text][\/vc_column][\/vc_row]\n","protected":false},"excerpt":{"rendered":"<p>[vc_section full_width=&#8221;stretch_row&#8221; el_class=&#8221;section-title section-full-title&#8221; css=&#8221;.vc_custom_1651589732333{background-image: url(https:\/\/www.first-class-vtc.fr\/wp-content\/uploads\/2022\/05\/first_class_home_dark.jpg?id=3596) !important;}&#8221;][vc_row fullwidth=&#8221;true&#8221;][vc_column][vc_column_text css=&#8221;.vc_custom_1651754456216{margin-bottom: 0px !important;}&#8221;] First class VTC Private drivers available 7 days a week, 24h a day 06 25 77 23 82\u00a0 [\/vc_column_text][\/vc_column][\/vc_row][\/vc_section][vc_row css=&#8221;.vc_custom_1542724905488{margin-top: 60px !important;}&#8221;][vc_column][vc_column_text css=&#8221;.vc_custom_1542725429823{margin-top: 20px !important;margin-bottom: 0px !important;}&#8221;][\/vc_column_text][\/vc_column][\/vc_row]<\/p>\n","protected":false},"author":2,"featured_media":0,"parent":0,"menu_order":0,"comment_status":"closed","ping_status":"closed","template":"page-v2.php","meta":[],"aioseo_notices":[],"_links":{"self":[{"href":"https:\/\/www.first-class-vtc.fr\/en\/wp-json\/wp\/v2\/pages\/3741"}],"collection":[{"href":"https:\/\/www.first-class-vtc.fr\/en\/wp-json\/wp\/v2\/pages"}],"about":[{"href":"https:\/\/www.first-class-vtc.fr\/en\/wp-json\/wp\/v2\/types\/page"}],"author":[{"embeddable":true,"href":"https:\/\/www.first-class-vtc.fr\/en\/wp-json\/wp\/v2\/users\/2"}],"replies":[{"embeddable":true,"href":"https:\/\/www.first-class-vtc.fr\/en\/wp-json\/wp\/v2\/comments?post=3741"}],"version-history":[{"count":1,"href":"https:\/\/www.first-class-vtc.fr\/en\/wp-json\/wp\/v2\/pages\/3741\/revisions"}],"predecessor-version":[{"id":3742,"href":"https:\/\/www.first-class-vtc.fr\/en\/wp-json\/wp\/v2\/pages\/3741\/revisions\/3742"}],"wp:attachment":[{"href":"https:\/\/www.first-class-vtc.fr\/en\/wp-json\/wp\/v2\/media?parent=3741"}],"curies":[{"name":"wp","href":"https:\/\/api.w.org\/{rel}","templated":true}]}}