{"id":1427,"date":"2019-07-17T12:53:58","date_gmt":"2019-07-17T10:53:58","guid":{"rendered":"https:\/\/www.first-class-vtc.fr\/?page_id=1427"},"modified":"2022-05-18T11:22:04","modified_gmt":"2022-05-18T09:22:04","slug":"online-payment","status":"publish","type":"page","link":"https:\/\/www.first-class-vtc.fr\/en\/our-services\/online-payment\/","title":{"rendered":"Online payment"},"content":{"rendered":"[vc_section full_width=&#8221;stretch_row&#8221; el_class=&#8221;section-title section-full-title&#8221; css=&#8221;.vc_custom_1651589732333{background-image: url(https:\/\/www.first-class-vtc.fr\/wp-content\/uploads\/2022\/05\/first_class_home_dark.jpg?id=3596) !important;}&#8221;][vc_row fullwidth=&#8221;true&#8221;][vc_column][vc_column_text css=&#8221;.vc_custom_1651754456216{margin-bottom: 0px !important;}&#8221;]\n<h1>First class VTC<\/h1>\n<h2>Private drivers 7 days a week, 24h a day<\/h2>\n<div class=\"btn-container\"><a class=\"button-phone\" href=\"tel:+33625772382\">06 25 77 23 82<\/a><a class=\"button-contact\" href=\"\/contact\"><i class=\"ri-mail-fill\">\u00a0<\/i><\/a><\/div>\n[\/vc_column_text][\/vc_column][\/vc_row][\/vc_section][vc_section full_width=&#8221;stretch_row&#8221; el_id=&#8221;alternance-rows_section&#8221; el_class=&#8221;payment_section&#8221;][vc_row fullwidth=&#8221;true&#8221;][vc_column width=&#8221;1\/2&#8243;][mk_image src=&#8221;\/wp-content\/uploads\/2018\/11\/vtc-aeroport-a-montpellier-1.jpg&#8221; image_size=&#8221;full&#8221; margin_bottom=&#8221;0&#8243; animation=&#8221;fade-in&#8221;][\/vc_column][vc_column width=&#8221;1\/2&#8243;][vc_column_text el_class=&#8221;violet&#8221; css=&#8221;.vc_custom_1563361110609{margin-bottom: 0px !important;}&#8221;]\n<h2 style=\"text-align: center;\">PAY YOUR RACE ONLINE AMOUNT OF\u00a0THE\u00a0RACE<\/h2>\n[\/vc_column_text]<div id=\"lfb_bootstraped\" class=\"lfb_bootstraped notranslate\"><div id=\"lfb_form\" data-usevisual=\"0\" data-progressbar=\"2\" data-qttype=\"0\" data-imgtitlesstyle=\"\" data-emaillaststep=\"0\" data-showsteps=\"true\"      data-formtitle=\"Online payment\" data-formsession=\"69d831623b361\" data-autoclick=\"0\"  data-subs=\"\" data-form=\"9\" class=\"lfb_bootstraped  \" data-stylefields=\"\" data-animspeed=\"0.3\" data-sumstepsclick=\"\" data-sumhidesteps=\"0\">\r\n                <div id=\"lfb_loader\"><div class=\"lfb_spinner\"><div class=\"double-bounce1\"><\/div><div class=\"double-bounce2\"><\/div><\/div><\/div><div id=\"lfb_passModal\" class=\"modal\" data-backdrop=\"\"><div class=\"modal-dialog\"><div class=\"modal-content\"><div class=\"modal-header\"><span class=\"fas fa-lock\"><\/span><span>Send me my password<\/span><a href=\"javascript:\" class=\"close\" data-bs-dismiss=\"modal\" aria-label=\"Close\"><span class=\"fas fa-times\"><\/span><\/a><\/div> <div class=\"modal-body p-0\">Your password has been sent by email<\/div><div class=\"modal-footer\"><a href=\"javascript:\"  data-bs-dismiss=\"modal\" class=\"btn btn-primary btn-circle\"><span class=\"fas fa-check\"><\/span><\/a><\/div><\/div><\/div><\/div><div id=\"lfb_stripeModal\" class=\"modal\" data-backdrop=\"\"><div class=\"modal-dialog\"><div class=\"modal-content\"><div class=\"modal-header\"><span class=\"fab fa-cc-stripe\"><\/span><span><\/span><a href=\"javascript:\" class=\"close\" data-bs-dismiss=\"modal\" aria-label=\"Close\"><span class=\"fas fa-times\"><\/span><\/a><\/div> <div class=\"modal-body p-0\"><div data-panel=\"form\" class=\"p-2\"><div class=\"lfb_amountTextContainer\" class=\"p-2 mb-3 \"><div class=\"m-0 lfb_amountText text-center pb-2\"> :<br\/> <strong data-info=\"amount\">$5<\/strong><\/div><\/div><form method=\"post\" id=\"lfb_stripePaymentForm\" class=\"pl-4 pr-4 pt-3\" ><div class=\"row\"><div class=\"form-group col-md-6\"><div id=\"lfb_stripe_card-element\" class=\"form-control\"><\/div><\/div><div class=\"form-group col-md-3\"><div id=\"lfb_stripe_expiration-element\" class=\"form-control\"><\/div><\/div><div class=\"form-group col-md-3\"><div id=\"lfb_stripe_cvc-element\" class=\"form-control\"><\/div><\/div><div id=\"lfb_stripe_card-error\" class=\" col-md-12\"><\/div><div class=\"form-group col-md-12\"><input placeholder=\"\" name=\"ownerName\" class=\"form-control\" type=\"text\"\/><\/div><\/div><\/form><div class=\"text-center lfb_stripeLogoContainer\"><img class=\"lfb_stripeLogo\" src=\"https:\/\/www.first-class-vtc.fr\/wp-content\/plugins\/WP_Estimation_Form\/assets\/img\/powered_by_stripe@2x.png\" alt=\"Powered by Stripe\" \/><\/div><\/div><div data-panel=\"loading\"><div class=\" text-center\"><span class=\"fas fa-hourglass-half big\"><\/span><\/div><\/div><div data-panel=\"fail\"><div class=\"text-center\"><p><span class=\"fas fa-times big\"><\/span><\/p><div><\/div><div data-info=\"error\" class=\"text-center\"><\/div><\/div><\/div><\/div><div class=\"modal-footer\"><a href=\"javascript:\" data-action=\"pay\"  class=\"btn btn-primary\"><span class=\"fas fa-check\"><\/span><\/a><\/div><\/div><\/div><\/div><a id=\"lfb_close_btn\" href=\"javascript:\"><span class=\"fas fa-times\"><\/span><\/a>\r\n                <div id=\"lfb_panel\">\r\n                <div class=\"container-fluid\">\r\n                    <div class=\"row\">\r\n                        <div class=\"\" ><p class=\"lfb_startBtnContainer lfb-hidden\">\r\n                                <a href=\"javascript:\"  class=\"btn btn-large btn-primary\" id=\"lfb_btnStart\"><span class=\"fa fa-check\"><\/span>GET STARTED<\/a>\r\n                            <\/p> <div id=\"genPrice\" class=\"genPrice lfb-hidden\">\r\n                                <div class=\"progress\">\r\n                                    <div class=\"progress-bar\">\r\n                                        <div class=\"progress-bar-price \">\r\n                                            <span>0$<\/span>\r\n                                            \r\n                                        <\/div>\r\n                                    <\/div>\r\n\r\n                                <\/div>\r\n                            <\/div>\r\n                            <!-- \/genPrice --><h2 id=\"finalText\" class=\"lfb_stepTitle\">Thank you<\/h2>\r\n                        <\/div>\r\n                        <!-- \/col -->\r\n                    <\/div>\r\n                    <!-- \/row -->\r\n                <div id=\"lfb_mainPanel\" class=\"palette-clouds\" data-savecart=\"0\"> <input type=\"hidden\" name=\"action\" value=\"lfb_upload_form\"\/>\r\n                <input type=\"hidden\" id=\"lfb_formSession\" name=\"formSession\" value=\"69d831623b361\"\/><div class=\"lfb_genSlide\" data-start=\"1\"    data-showstepsum=\"1\" data-stepid=\"61\" data-title=\"Amount of the race\"  data-dependitem=\"0\">\t<h2 class=\"lfb_stepTitle\">Amount of the race<\/h2>\t<div class=\"lfb_genContent container lfb_noDes\" >\t\t<div class=\"row lfb_row  lfb_sortable\"><div class=\"lfb_itemBloc col-md-2  lfb_item lfb_itemContainer_237  \" data-alignment=\"0\"  data-id=\"237\" data-itemtype=\"numberfield\"><div class=\"form-group\"><label>Amount of the race<\/label>\r\n                     <input   data-prefill=\"\" data-urlvariable=\"1\"  data-prodid=\"0\"  data-eddvar=\"0\" data-woovar=\"0\" data-sentattribute=\"quantity\" data-variablename=\"\" data-toggle=\"tooltip\"  data-bs-placement=\"bottom\" data-tooltiptext=\"Amount of the race without euros\" data-tooltipimg=\"\" data-type=\"numberfield\" type=\"number\"     data-reduc=\"0\" data-reducqt=\"\"  data-price=\"1\"   data-operation=\"+\" data-addtototal=\"0\"   data-valueasqt=\"1\" placeholder=\"\"         data-itemid=\"237\" min=\"0\"  data-showinsummary=\"true\"   class=\"form-control\" data-required=\"true\" data-title=\"Amount of the race\" data-originaltitle=\"Amount of the race without euros\"  data-originallabel=\"Amount of the race\"  \/>\r\n                  <\/div><\/div> <\/div> <\/div><div class=\"lfb_errorMsg alert alert-danger\">Vous devez s\u00e9lectionner un \u00e9l\u00e9ment pour continuer<\/div><div class=\"text-center lfb_btnNextContainer\"><a href=\"javascript:\" id=\"lfb_btnNext_61\" class=\"btn btn-wide btn-primary lfb_btn-next \"><span class=\"fa fa-check\"><\/span>Next step<\/a><\/div><\/div><div class=\"lfb_genSlide\" id=\"finalSlide\" data-stepid=\"final\" data-title=\"FINAL PRIZE\">\r\n                <h2 class=\"lfb_stepTitle\">FINAL PRIZE<\/h2>\r\n                <div class=\"lfb_genContent container\">\r\n                    <div class=\"row lfb_row lfb_genContentSlide active  lfb_sortable\">\r\n                        <p id=\"lfb_finalLabel\" class=\"\">The estimated final price is:<\/p><h3 id=\"lfb_finalPrice\" class=\"\"><span><\/span><\/h3><div id=\"lfb_subTxtValue\" class=\"lfb_dynamicHide\"><\/div><div class=\"lfb_itemBloc col-md-12  lfb_item lfb_itemContainer_238  \" data-alignment=\"0\" data-id=\"238\" data-itemtype=\"textfield\"><div class=\"form-group\"><label>Enter your e-mail<\/label>\r\n                 <input   data-prefill=\"\" data-urlvariable=\"1\" data-sentattribute=\"quantity\"  data-variablename=\"\"  data-type=\"textfield\" type=\"text\" data-validation=\"email\" data-autocomplete=\"0\" placeholder=\"\" data-fieldtype=\"email\"       autocomplete=\"on\" name=\"email\"     data-itemid=\"238\"   data-showinsummary=\"true\"  class=\"form-control\" data-required=\"true\" data-title=\"Enter your e-mail\" data-originaltitle=\"Enter your e-mail\"  data-originallabel=\"Enter your e-mail\"  \/><\/div><\/div><div class=\"lfb_itemBloc col-md-12  lfb_item lfb_itemContainer_239  \" data-alignment=\"0\" data-id=\"239\" data-itemtype=\"textarea\"><div class=\"form-group\"><label>Message<\/label>\r\n                 <textarea    data-prefill=\"\" data-urlvariable=\"1\" data-sentattribute=\"price\"  data-variablename=\"\" placeholder=\"\"  data-type=\"textarea\" data-itemid=\"239\"          data-showinsummary=\"true\"  class=\"form-control\"  data-title=\"Message\" data-originaltitle=\"Message\"  data-originallabel=\"Message\" ><\/textarea><\/div><\/div>\r\n                   <div id=\"lfb_summary\" class=\"lfb_summary table-responsive lfb-hidden\">\r\n                        <h4>Summary<\/h4>\r\n                        <table class=\"table table-bordered\">\r\n                            <thead>\r\n                                <th>Description<\/th>\r\n                                <th class=\"lfb_valueTh\">Information<\/th>\r\n                                <th class=\"lfb_quantityTh \">Quantit\u00e9<\/th>\r\n                                <th class=\"lfb_priceTh \">Prix<\/th>\r\n                            <\/thead>\r\n                            <tbody>\r\n                                <tr id=\"lfb_summaryDiscountTr\" class=\"lfb_static \"><th colspan=\"3\">Remise :<\/th><th id=\"lfb_summaryDiscount\"><span><\/span><\/th><\/tr>\r\n                                <tr id=\"lfb_summaryTotalTr\" class=\"lfb_static \"><th colspan=\"3\">Total :<\/th><th id=\"lfb_summaryTotal\"><span><\/span><\/th><\/tr>\r\n                            <\/tbody>\r\n                        <\/table>\r\n                    <\/div><div id=\"lfb_lastStepDown\"><\/div><div class=\"text-center lfb_btnNextContainer\"><a href=\"javascript:\" id=\"lfb_btnOrder\" class=\"btn btn-wide btn-primary\"><span class=\"fa fa-check\"><\/span>Set my race<\/a><br\/><div class=\"lfb_linkPreviousCt\"><a href=\"javascript:\" class=\"linkPrevious\"><span class=\"fa fa-arrow-left me-2\"><\/span>Go back to the previous step<\/a><\/div><\/div><div  class=\"lfb_btnNextContainerStripe lfb_stripeMargTop\"><a href=\"javascript:\" class=\"btn btn-primary btn-wide\" id=\"lfb_btnPayStripe\"><span class=\"fa fa-check\"><\/span>Set my race<\/a><br\/><div class=\"lfb_linkPreviousCt\"><a href=\"javascript:\" class=\"linkPrevious\"><span class=\"fa fa-arrow-left me-2\"><\/span>Go back to the previous step<\/a><\/div><\/div><div class=\"clearfix\" data-tldinit=\"true\"><\/div><\/div><\/div><\/div><\/div><\/div><\/div><\/div><\/div>[\/vc_column][\/vc_row][\/vc_section]\n","protected":false},"excerpt":{"rendered":"<p>[vc_section full_width=&#8221;stretch_row&#8221; el_class=&#8221;section-title section-full-title&#8221; css=&#8221;.vc_custom_1651589732333{background-image: url(https:\/\/www.first-class-vtc.fr\/wp-content\/uploads\/2022\/05\/first_class_home_dark.jpg?id=3596) !important;}&#8221;][vc_row fullwidth=&#8221;true&#8221;][vc_column][vc_column_text css=&#8221;.vc_custom_1651754456216{margin-bottom: 0px !important;}&#8221;] First class VTC Private drivers 7 days a week, 24h a day 06 25 77 23 82\u00a0 [\/vc_column_text][\/vc_column][\/vc_row][\/vc_section][vc_section full_width=&#8221;stretch_row&#8221; el_id=&#8221;alternance-rows_section&#8221; el_class=&#8221;payment_section&#8221;][vc_row fullwidth=&#8221;true&#8221;][vc_column width=&#8221;1\/2&#8243;][mk_image src=&#8221;\/wp-content\/uploads\/2018\/11\/vtc-aeroport-a-montpellier-1.jpg&#8221; image_size=&#8221;full&#8221; margin_bottom=&#8221;0&#8243; animation=&#8221;fade-in&#8221;][\/vc_column][vc_column width=&#8221;1\/2&#8243;][vc_column_text el_class=&#8221;violet&#8221; css=&#8221;.vc_custom_1563361110609{margin-bottom: 0px !important;}&#8221;] PAY YOUR RACE ONLINE AMOUNT OF\u00a0THE\u00a0RACE [\/vc_column_text][\/vc_column][\/vc_row][\/vc_section]<\/p>\n","protected":false},"author":2,"featured_media":0,"parent":1418,"menu_order":0,"comment_status":"closed","ping_status":"closed","template":"page-v2.php","meta":[],"aioseo_notices":[],"_links":{"self":[{"href":"https:\/\/www.first-class-vtc.fr\/en\/wp-json\/wp\/v2\/pages\/1427"}],"collection":[{"href":"https:\/\/www.first-class-vtc.fr\/en\/wp-json\/wp\/v2\/pages"}],"about":[{"href":"https:\/\/www.first-class-vtc.fr\/en\/wp-json\/wp\/v2\/types\/page"}],"author":[{"embeddable":true,"href":"https:\/\/www.first-class-vtc.fr\/en\/wp-json\/wp\/v2\/users\/2"}],"replies":[{"embeddable":true,"href":"https:\/\/www.first-class-vtc.fr\/en\/wp-json\/wp\/v2\/comments?post=1427"}],"version-history":[{"count":5,"href":"https:\/\/www.first-class-vtc.fr\/en\/wp-json\/wp\/v2\/pages\/1427\/revisions"}],"predecessor-version":[{"id":3713,"href":"https:\/\/www.first-class-vtc.fr\/en\/wp-json\/wp\/v2\/pages\/1427\/revisions\/3713"}],"up":[{"embeddable":true,"href":"https:\/\/www.first-class-vtc.fr\/en\/wp-json\/wp\/v2\/pages\/1418"}],"wp:attachment":[{"href":"https:\/\/www.first-class-vtc.fr\/en\/wp-json\/wp\/v2\/media?parent=1427"}],"curies":[{"name":"wp","href":"https:\/\/api.w.org\/{rel}","templated":true}]}}